{"id":630,"date":"2023-12-19T08:46:52","date_gmt":"2023-12-19T08:46:52","guid":{"rendered":"https:\/\/donnb.jp\/?page_id=630"},"modified":"2024-01-11T02:03:13","modified_gmt":"2024-01-11T02:03:13","slug":"contact","status":"publish","type":"page","link":"https:\/\/donnb.jp\/vi\/contact\/","title":{"rendered":"LI\u00caN H\u1ec6"},"content":{"rendered":"\n<div class=\"swell-block-fullWide pc-py-40 sp-py-40 alignfull pc_only\" style=\"background-color:#ffffff\"><div class=\"swell-block-fullWide__inner l-article\">\n<p class=\"has-text-align-center\"><span style=\"font-size:42px\" class=\"swl-fz\">\u0110\u1eebng ng\u1ea7n ng\u1ea1i, h\u00e3y li\u00ean h\u1ec7 v\u1edbi ch\u00fang t\u00f4i ngay<\/span><\/p>\n\n\n\n<p class=\"has-text-align-center\">Qu\u00fd kh\u00e1ch h\u00e0ng c\u00f3 th\u1ec3 li\u00ean h\u1ec7 v\u1edbi ch\u00fang t\u00f4i th\u00f4ng qua m\u1eabu li\u00ean h\u1ec7 d\u01b0\u1edbi \u0111\u00e2y, m\u1ea1ng x\u00e3 h\u1ed9i, c\u0169ng nh\u01b0 g\u1ecdi \u0111i\u1ec7n.<br>Ch\u00fang t\u00f4i s\u1eb5n s\u00e0ng gi\u1ea3i \u0111\u00e1p b\u1ea5t k\u1ef3 th\u1eafc m\u1eafc n\u00e0o t\u1eeb qu\u00fd kh\u00e1ch h\u00e0ng, t\u1eeb \u0111\u1eb7t b\u00e0n nh\u00e0 h\u00e0ng \u0111\u1ebfn tuy\u1ec3n d\u1ee5ng.<\/p>\n\n\n\n<p class=\"has-text-align-center\"><a href=\"https:\/\/donnb.jp\/vi\/contact\/#sns\">B\u1ea1n c\u0169ng c\u00f3 th\u1ec3 li\u00ean h\u1ec7 qua m\u1ea1ng x\u00e3 h\u1ed9i ho\u1eb7c s\u1ed1 di\u1ec7n tho\u1ea1i sau<\/a><\/p>\n<\/div><\/div>\n\n\n\n<div class=\"swell-block-fullWide pc-py-40 sp-py-40 alignfull sp_only\" style=\"background-color:#ffffff\"><div class=\"swell-block-fullWide__inner l-article\">\n<p class=\"has-text-align-center\"><span style=\"font-size:24px\" class=\"swl-fz\">\u0110\u1eebng ng\u1ea7n ng\u1ea1i, h\u00e3y li\u00ean h\u1ec7 v\u1edbi ch\u00fang t\u00f4i ngay<\/span><\/p>\n\n\n\n<p class=\"has-text-align-center\">Qu\u00fd kh\u00e1ch h\u00e0ng c\u00f3 th\u1ec3 li\u00ean h\u1ec7 v\u1edbi ch\u00fang t\u00f4i th\u00f4ng qua m\u1eabu li\u00ean h\u1ec7 d\u01b0\u1edbi \u0111\u00e2y, m\u1ea1ng x\u00e3 h\u1ed9i, c\u0169ng nh\u01b0 g\u1ecdi \u0111i\u1ec7n.<br>Ch\u00fang t\u00f4i s\u1eb5n s\u00e0ng gi\u1ea3i \u0111\u00e1p b\u1ea5t k\u1ef3 th\u1eafc m\u1eafc n\u00e0o t\u1eeb qu\u00fd kh\u00e1ch h\u00e0ng, t\u1eeb \u0111\u1eb7t b\u00e0n nh\u00e0 h\u00e0ng \u0111\u1ebfn tuy\u1ec3n d\u1ee5ng.<\/p>\n\n\n\n<p class=\"has-text-align-center\"><a href=\"\/contact\/#sns\">B\u1ea1n c\u0169ng c\u00f3 th\u1ec3 li\u00ean h\u1ec7 qua m\u1ea1ng x\u00e3 h\u1ed9i ho\u1eb7c s\u1ed1 di\u1ec7n tho\u1ea1i sau<\/a><\/p>\n<\/div><\/div>\n\n\n\n<div class=\"swell-block-fullWide pc-py-20 sp-py-40 alignfull\" style=\"background-color:#ffffff\"><div class=\"swell-block-fullWide__inner l-article\"><style id=\"wpforms-css-vars-716-block-35f6da96-99f7-49d8-b424-9537eb8e3ec2\">\n\t\t\t\t#wpforms-716.wpforms-block-35f6da96-99f7-49d8-b424-9537eb8e3ec2 {\n\t\t\t\t--wpforms-label-color: #333333;\n--wpforms-button-border-radius: 5px;\n--wpforms-button-background-color: var(u002du002dcolor_main);\n--wpforms-button-size-font-size: 20px;\n--wpforms-button-size-height: 48px;\n--wpforms-button-size-padding-h: 20px;\n--wpforms-button-size-margin-top: 15px;\n\t\t\t}\n\t\t\t<\/style><div class=\"wpforms-container wpforms-container-full wpforms-block wpforms-block-35f6da96-99f7-49d8-b424-9537eb8e3ec2 wpforms-render-modern\" id=\"wpforms-716\"><form id=\"wpforms-form-716\" class=\"wpforms-validate wpforms-form wpforms-ajax-form\" data-formid=\"716\" method=\"post\" enctype=\"multipart\/form-data\" action=\"\/vi\/wp-json\/wp\/v2\/pages\/630\" data-token=\"17c9b442a91357b438bc045faf624e05\" data-token-time=\"1777500182\"><noscript class=\"wpforms-error-noscript\">Vui l\u00f2ng b\u1eadt JavaScript trong tr\u00ecnh duy\u1ec7t c\u1ee7a b\u1ea1n \u0111\u1ec3 ho\u00e0n th\u00e0nh Form n\u00e0y.<\/noscript><div id=\"wpforms-error-noscript\" style=\"display: none;\">Vui l\u00f2ng b\u1eadt JavaScript trong tr\u00ecnh duy\u1ec7t c\u1ee7a b\u1ea1n \u0111\u1ec3 ho\u00e0n th\u00e0nh Form n\u00e0y.<\/div><div class=\"wpforms-field-container\"><div id=\"wpforms-716-field_1-container\" class=\"wpforms-field wpforms-field-select wpforms-field-select-style-classic\" data-field-id=\"1\"><label class=\"wpforms-field-label\" for=\"wpforms-716-field_1\">N\u1ed9i dung li\u00ean h\u1ec7 <span class=\"wpforms-required-label\" aria-hidden=\"true\">*<\/span><\/label><select id=\"wpforms-716-field_1\" class=\"wpforms-field-medium wpforms-field-required\" name=\"wpforms[fields][1]\" required=\"required\"><option value=\"Nh\u00e0 h\u00e0ng\"  class=\"choice-1 depth-1\"  >Nh\u00e0 h\u00e0ng<\/option><option value=\"Ch\u1ee3 th\u1ef1c ph\u1ea9m\"  class=\"choice-2 depth-1\"  >Ch\u1ee3 th\u1ef1c ph\u1ea9m<\/option><option value=\"L\u1eafp \u0111\u1eb7t \u0111i\u1ec1u ho\u00e0\"  class=\"choice-3 depth-1\"  >L\u1eafp \u0111\u1eb7t \u0111i\u1ec1u ho\u00e0<\/option><option value=\"V\u1eadn chuy\u1ec3n th\u01b0\u01a1ng m\u1ea1i\"  class=\"choice-4 depth-1\"  >V\u1eadn chuy\u1ec3n th\u01b0\u01a1ng m\u1ea1i<\/option><option value=\"Tuy\u1ec3n d\u1ee5ng\"  class=\"choice-6 depth-1\"  >Tuy\u1ec3n d\u1ee5ng<\/option><\/select><\/div><div id=\"wpforms-716-field_2-container\" class=\"wpforms-field wpforms-field-text\" data-field-id=\"2\"><label class=\"wpforms-field-label\" for=\"wpforms-716-field_2\">T\u00ean <span class=\"wpforms-required-label\" aria-hidden=\"true\">*<\/span><\/label><input type=\"text\" id=\"wpforms-716-field_2\" class=\"wpforms-field-medium wpforms-field-required\" name=\"wpforms[fields][2]\" placeholder=\"John Doe\" aria-errormessage=\"wpforms-716-field_2-error\" required><\/div><div id=\"wpforms-716-field_3-container\" class=\"wpforms-field wpforms-field-text\" data-field-id=\"3\"><label class=\"wpforms-field-label\" for=\"wpforms-716-field_3\">S\u1ed1 \u0111i\u1ec7n tho\u1ea1i <span class=\"wpforms-required-label\" aria-hidden=\"true\">*<\/span><\/label><input type=\"text\" id=\"wpforms-716-field_3\" class=\"wpforms-field-medium wpforms-field-required\" name=\"wpforms[fields][3]\" placeholder=\"080-1234-5678\" aria-errormessage=\"wpforms-716-field_3-error\" required><\/div><div id=\"wpforms-716-field_4-container\" class=\"wpforms-field wpforms-field-text\" data-field-id=\"4\"><label class=\"wpforms-field-label\" for=\"wpforms-716-field_4\">\u0110\u1ecba ch\u1ec9 E-mail <span class=\"wpforms-required-label\" aria-hidden=\"true\">*<\/span><\/label><input type=\"text\" id=\"wpforms-716-field_4\" class=\"wpforms-field-medium wpforms-field-required\" name=\"wpforms[fields][4]\" placeholder=\"donnb@example.jp\" aria-errormessage=\"wpforms-716-field_4-error\" required><\/div><div id=\"wpforms-716-field_5-container\" class=\"wpforms-field wpforms-field-textarea\" data-field-id=\"5\"><label class=\"wpforms-field-label\" for=\"wpforms-716-field_5\">Chi ti\u1ebft li\u00ean h\u1ec7 <span class=\"wpforms-required-label\" aria-hidden=\"true\">*<\/span><\/label><textarea id=\"wpforms-716-field_5\" class=\"wpforms-field-medium wpforms-field-required\" name=\"wpforms[fields][5]\" placeholder=\"\uf0e8\tT\u00f4i mu\u1ed1n \u0111\u1eb7t b\u00e0n 4 ng\u01b0\u1eddi v\u00e0o l\u00fac 14 gi\u1edd ng\u00e0y 12\/12 t\u1ea1i H\u00e0 N\u1ed9i Qu\u00e1n\" aria-errormessage=\"wpforms-716-field_5-error\" required><\/textarea><\/div><div id=\"wpforms-716-field_6-container\" class=\"wpforms-field wpforms-field-checkbox\" data-field-id=\"6\"><fieldset><legend class=\"wpforms-field-label wpforms-label-hide\" aria-hidden=\"false\">C\u00e1c li\u00ean quan \u0111\u1ebfn x\u1eed l\u00fd th\u00f4ng tin c\u00e1 nh\u00e2n <span class=\"wpforms-required-label\" aria-hidden=\"true\">*<\/span><\/legend><ul id=\"wpforms-716-field_6\" class=\"wpforms-field-required\"><li class=\"choice-1 depth-1 wpforms-selected\"><input type=\"checkbox\" id=\"wpforms-716-field_6_1\" name=\"wpforms[fields][6][]\" value=\"\uf0e8\tT\u00f4i \u0111\u00e3 \u0111\u1ecdc v\u00e0 \u0111\u1ed3ng \u00fd v\u1edbi c\u00e1c \u0111i\u1ec1u kho\u1ea3n v\u1ec1 th\u00f4ng tin c\u00e1 nh\u00e2n\" aria-errormessage=\"wpforms-716-field_6_1-error\" required  checked='checked'><label class=\"wpforms-field-label-inline\" for=\"wpforms-716-field_6_1\">\uf0e8\tT\u00f4i \u0111\u00e3 \u0111\u1ecdc v\u00e0 \u0111\u1ed3ng \u00fd v\u1edbi c\u00e1c \u0111i\u1ec1u kho\u1ea3n v\u1ec1 th\u00f4ng tin c\u00e1 nh\u00e2n<\/label><\/li><\/ul><\/fieldset><\/div><\/div><!-- .wpforms-field-container --><div class=\"wpforms-submit-container\" ><input type=\"hidden\" name=\"wpforms[id]\" value=\"716\"><input type=\"hidden\" name=\"page_title\" value=\"\"><input type=\"hidden\" name=\"page_url\" value=\"https:\/\/donnb.jp\/vi\/wp-json\/wp\/v2\/pages\/630\"><input type=\"hidden\" name=\"url_referer\" value=\"\"><button type=\"submit\" name=\"wpforms[submit]\" id=\"wpforms-submit-716\" class=\"wpforms-submit\" data-alt-text=\"\u2026\u2026\" data-submit-text=\"G\u1eedi th\u00f4ng tin\" aria-live=\"assertive\" value=\"wpforms-submit\">G\u1eedi th\u00f4ng tin<\/button><img decoding=\"async\" src=\"https:\/\/donnb.jp\/wp-content\/plugins\/wpforms-lite\/assets\/images\/submit-spin.svg\" class=\"wpforms-submit-spinner\" style=\"display: none;\" width=\"26\" height=\"26\" alt=\"\u0110ang t\u1ea3i\"><\/div><\/form><\/div>  <!-- .wpforms-container --><\/div><\/div>\n\n\n\n<div class=\"swell-block-fullWide pc-py-60 sp-py-40 alignfull pc_only\" style=\"background-color:#ffffff\" id=\"sns\"><div class=\"swell-block-fullWide__inner l-article\">\n<p class=\"has-text-align-center\">B\u1ea1n c\u0169ng c\u00f3 th\u1ec3 li\u00ean h\u1ec7 qua m\u1ea1ng x\u00e3 h\u1ed9i ho\u1eb7c s\u1ed1 di\u1ec7n tho\u1ea1i sau<\/p>\n\n\n\n<div class=\"swell-block-box-menu is-style-fill u-mb-ctrl u-mb-0\" data-has-gap=\"0\" data-direction=\"vertical\" style=\"--the-icon-size:4em\"><div class=\"swell-block-box-menu__inner\">\n<div class=\"swell-block-box-menu__item has-link\" data-has-gradient=\"0\" data-icon-type=\"svg\" style=\"--the-icon-color:#00b900\"><a href=\"https:\/\/lin.ee\/GA8X693\" class=\"swell-block-box-menu__link\"><div class=\"swell-block-box-menu__figure\"><svg height=\"1em\" width=\"1em\" xmlns=\"http:\/\/www.w3.org\/2000\/svg\" aria-hidden=\"true\" viewBox=\"0 0 448 512\"><path d=\"M272.1 204.2v71.1c0 1.8-1.4 3.2-3.2 3.2h-11.4c-1.1 0-2.1-.6-2.6-1.3l-32.6-44v42.2c0 1.8-1.4 3.2-3.2 3.2h-11.4c-1.8 0-3.2-1.4-3.2-3.2v-71.1c0-1.8 1.4-3.2 3.2-3.2H219c1 0 2.1.5 2.6 1.4l32.6 44v-42.2c0-1.8 1.4-3.2 3.2-3.2h11.4c1.8-.1 3.3 1.4 3.3 3.1zm-82-3.2h-11.4c-1.8 0-3.2 1.4-3.2 3.2v71.1c0 1.8 1.4 3.2 3.2 3.2h11.4c1.8 0 3.2-1.4 3.2-3.2v-71.1c0-1.7-1.4-3.2-3.2-3.2zm-27.5 59.6h-31.1v-56.4c0-1.8-1.4-3.2-3.2-3.2h-11.4c-1.8 0-3.2 1.4-3.2 3.2v71.1c0 .9.3 1.6.9 2.2.6.5 1.3.9 2.2.9h45.7c1.8 0 3.2-1.4 3.2-3.2v-11.4c0-1.7-1.4-3.2-3.1-3.2zM332.1 201h-45.7c-1.7 0-3.2 1.4-3.2 3.2v71.1c0 1.7 1.4 3.2 3.2 3.2h45.7c1.8 0 3.2-1.4 3.2-3.2v-11.4c0-1.8-1.4-3.2-3.2-3.2H301v-12h31.1c1.8 0 3.2-1.4 3.2-3.2V234c0-1.8-1.4-3.2-3.2-3.2H301v-12h31.1c1.8 0 3.2-1.4 3.2-3.2v-11.4c-.1-1.7-1.5-3.2-3.2-3.2zM448 113.7V399c-.1 44.8-36.8 81.1-81.7 81H81c-44.8-.1-81.1-36.9-81-81.7V113c.1-44.8 36.9-81.1 81.7-81H367c44.8.1 81.1 36.8 81 81.7zm-61.6 122.6c0-73-73.2-132.4-163.1-132.4-89.9 0-163.1 59.4-163.1 132.4 0 65.4 58 120.2 136.4 130.6 19.1 4.1 16.9 11.1 12.6 36.8-.7 4.1-3.3 16.1 14.1 8.8 17.4-7.3 93.9-55.3 128.2-94.7 23.6-26 34.9-52.3 34.9-81.5z\"><\/path><\/svg><\/div><span class=\"swell-block-box-menu__text\">Li\u00ean h\u1ec7 qua LINE<\/span><\/a><\/div>\n\n\n\n<div class=\"swell-block-box-menu__item has-link\" data-has-gradient=\"0\" data-icon-type=\"svg\" style=\"--the-icon-color:#3b5998\"><a href=\"https:\/\/www.facebook.com\/profile.php?id=61552790608801\" class=\"swell-block-box-menu__link\"><div class=\"swell-block-box-menu__figure\"><svg height=\"1em\" width=\"1em\" xmlns=\"http:\/\/www.w3.org\/2000\/svg\" aria-hidden=\"true\" viewBox=\"0 0 48 48\"><path d=\"m34.5 26.8 1.2-8.1h-7.8v-5.3c0-2.2 1.1-4.4 4.6-4.4h3.6V2.1s-3.2-.6-6.3-.6c-6.4 0-10.6 3.9-10.6 11v6.2H12v8.1h7.2v19.7H28V26.8h6.5z\"><\/path><\/svg><\/div><span class=\"swell-block-box-menu__text\">Li\u00ean h\u1ec7 qua Facebook<\/span><\/a><\/div>\n<\/div><\/div>\n\n\n\n<div class=\"wp-block-group has-swl-main-background-color has-background\"><div class=\"wp-block-group__inner-container is-layout-constrained wp-block-group-is-layout-constrained\">\n<p class=\"has-text-align-center\">Li\u00ean h\u1ec7 v\u1edbi ch\u00fang t\u00f4i ngay qua s\u1ed1 \u0111i\u1ec7n tho\u1ea1i sau<br><span style=\"font-size:42px\" class=\"swl-fz\"><strong><a href=\"tel:0428607561\"><span class=\"swl-inline-color has-white-color\">042-860-7561<\/span><\/a><\/strong><\/span><\/p>\n<\/div><\/div>\n<\/div><\/div>\n\n\n\n<div class=\"swell-block-fullWide pc-py-60 sp-py-60 alignfull sp_only\" style=\"background-color:#ffffff\" id=\"sns\"><div class=\"swell-block-fullWide__inner l-article\">\n<p class=\"has-text-align-center\">B\u1ea1n c\u0169ng c\u00f3 th\u1ec3 li\u00ean h\u1ec7 qua m\u1ea1ng x\u00e3 h\u1ed9i ho\u1eb7c s\u1ed1 di\u1ec7n tho\u1ea1i sau<\/p>\n\n\n\n<div class=\"swell-block-box-menu is-style-fill u-mb-ctrl u-mb-0\" data-has-gap=\"1\" data-direction=\"vertical\" style=\"--the-box-width--mb:100%;--the-gap:10px;--the-icon-size:4em\"><div class=\"swell-block-box-menu__inner\">\n<div class=\"swell-block-box-menu__item has-link\" data-has-gradient=\"0\" data-icon-type=\"svg\" style=\"--the-icon-color:#00b900\"><a href=\"https:\/\/lin.ee\/GA8X693\" class=\"swell-block-box-menu__link\"><div class=\"swell-block-box-menu__figure\"><svg height=\"1em\" width=\"1em\" xmlns=\"http:\/\/www.w3.org\/2000\/svg\" aria-hidden=\"true\" viewBox=\"0 0 448 512\"><path d=\"M272.1 204.2v71.1c0 1.8-1.4 3.2-3.2 3.2h-11.4c-1.1 0-2.1-.6-2.6-1.3l-32.6-44v42.2c0 1.8-1.4 3.2-3.2 3.2h-11.4c-1.8 0-3.2-1.4-3.2-3.2v-71.1c0-1.8 1.4-3.2 3.2-3.2H219c1 0 2.1.5 2.6 1.4l32.6 44v-42.2c0-1.8 1.4-3.2 3.2-3.2h11.4c1.8-.1 3.3 1.4 3.3 3.1zm-82-3.2h-11.4c-1.8 0-3.2 1.4-3.2 3.2v71.1c0 1.8 1.4 3.2 3.2 3.2h11.4c1.8 0 3.2-1.4 3.2-3.2v-71.1c0-1.7-1.4-3.2-3.2-3.2zm-27.5 59.6h-31.1v-56.4c0-1.8-1.4-3.2-3.2-3.2h-11.4c-1.8 0-3.2 1.4-3.2 3.2v71.1c0 .9.3 1.6.9 2.2.6.5 1.3.9 2.2.9h45.7c1.8 0 3.2-1.4 3.2-3.2v-11.4c0-1.7-1.4-3.2-3.1-3.2zM332.1 201h-45.7c-1.7 0-3.2 1.4-3.2 3.2v71.1c0 1.7 1.4 3.2 3.2 3.2h45.7c1.8 0 3.2-1.4 3.2-3.2v-11.4c0-1.8-1.4-3.2-3.2-3.2H301v-12h31.1c1.8 0 3.2-1.4 3.2-3.2V234c0-1.8-1.4-3.2-3.2-3.2H301v-12h31.1c1.8 0 3.2-1.4 3.2-3.2v-11.4c-.1-1.7-1.5-3.2-3.2-3.2zM448 113.7V399c-.1 44.8-36.8 81.1-81.7 81H81c-44.8-.1-81.1-36.9-81-81.7V113c.1-44.8 36.9-81.1 81.7-81H367c44.8.1 81.1 36.8 81 81.7zm-61.6 122.6c0-73-73.2-132.4-163.1-132.4-89.9 0-163.1 59.4-163.1 132.4 0 65.4 58 120.2 136.4 130.6 19.1 4.1 16.9 11.1 12.6 36.8-.7 4.1-3.3 16.1 14.1 8.8 17.4-7.3 93.9-55.3 128.2-94.7 23.6-26 34.9-52.3 34.9-81.5z\"><\/path><\/svg><\/div><span class=\"swell-block-box-menu__text\">Li\u00ean h\u1ec7 qua LINE<\/span><\/a><\/div>\n\n\n\n<div class=\"swell-block-box-menu__item has-link\" data-has-gradient=\"0\" data-icon-type=\"svg\" style=\"--the-icon-color:#3b5998\"><a href=\"https:\/\/www.facebook.com\/profile.php?id=61552790608801\" class=\"swell-block-box-menu__link\"><div class=\"swell-block-box-menu__figure\"><svg height=\"1em\" width=\"1em\" xmlns=\"http:\/\/www.w3.org\/2000\/svg\" aria-hidden=\"true\" viewBox=\"0 0 48 48\"><path d=\"m34.5 26.8 1.2-8.1h-7.8v-5.3c0-2.2 1.1-4.4 4.6-4.4h3.6V2.1s-3.2-.6-6.3-.6c-6.4 0-10.6 3.9-10.6 11v6.2H12v8.1h7.2v19.7H28V26.8h6.5z\"><\/path><\/svg><\/div><span class=\"swell-block-box-menu__text\">Li\u00ean h\u1ec7 qua Facebook<\/span><\/a><\/div>\n<\/div><\/div>\n\n\n\n<div class=\"wp-block-group has-swl-main-background-color has-background\"><div class=\"wp-block-group__inner-container is-layout-constrained wp-block-group-is-layout-constrained\">\n<p class=\"has-text-align-center\">\u96fb\u8a71\u3067\u306e\u304a\u554f\u3044\u5408\u308f\u305b\u306f\u3053\u3061\u3089<br><span style=\"font-size:42px\" class=\"swl-fz\"><strong><a href=\"tel:0428607561\"><span class=\"swl-inline-color has-white-color\">042-860-7561<\/span><\/a><\/strong><\/span><\/p>\n<\/div><\/div>\n<\/div><\/div>\n","protected":false},"excerpt":{"rendered":"","protected":false},"author":1,"featured_media":0,"parent":0,"menu_order":0,"comment_status":"closed","ping_status":"closed","template":"","meta":{"swell_btn_cv_data":"","_locale":"vi","_original_post":"https:\/\/donnb.jp\/?page_id=144","footnotes":""},"class_list":["post-630","page","type-page","status-publish","hentry","vi"],"aioseo_notices":[],"_links":{"self":[{"href":"https:\/\/donnb.jp\/wp-json\/wp\/v2\/pages\/630","targetHints":{"allow":["GET"]}}],"collection":[{"href":"https:\/\/donnb.jp\/wp-json\/wp\/v2\/pages"}],"about":[{"href":"https:\/\/donnb.jp\/wp-json\/wp\/v2\/types\/page"}],"author":[{"embeddable":true,"href":"https:\/\/donnb.jp\/wp-json\/wp\/v2\/users\/1"}],"replies":[{"embeddable":true,"href":"https:\/\/donnb.jp\/wp-json\/wp\/v2\/comments?post=630"}],"version-history":[{"count":9,"href":"https:\/\/donnb.jp\/wp-json\/wp\/v2\/pages\/630\/revisions"}],"predecessor-version":[{"id":825,"href":"https:\/\/donnb.jp\/wp-json\/wp\/v2\/pages\/630\/revisions\/825"}],"wp:attachment":[{"href":"https:\/\/donnb.jp\/wp-json\/wp\/v2\/media?parent=630"}],"curies":[{"name":"wp","href":"https:\/\/api.w.org\/{rel}","templated":true}]}}